{"id":2139,"date":"2022-04-12T12:00:40","date_gmt":"2022-04-12T11:00:40","guid":{"rendered":"https:\/\/www.betriebsfeuerwehr-voestalpine.at\/?page_id=2139"},"modified":"2024-04-08T10:17:05","modified_gmt":"2024-04-08T09:17:05","slug":"wir-suchen-dich","status":"publish","type":"page","link":"https:\/\/www.betriebsfeuerwehr-voestalpine.at\/?page_id=2139","title":{"rendered":"WASSER MARSCH! MARSCH ZUR FEUERWEHR! Es werden Helden gesucht."},"content":{"rendered":"<h1><img loading=\"lazy\" decoding=\"async\" class=\"alignnone wp-image-6295\" src=\"https:\/\/www.betriebsfeuerwehr-voestalpine.at\/wp-content\/uploads\/2022\/09\/Helden-Gesucht_Plakat_Quer_2022.png\" alt=\"\" width=\"700\" height=\"527\" srcset=\"https:\/\/www.betriebsfeuerwehr-voestalpine.at\/wp-content\/uploads\/2022\/09\/Helden-Gesucht_Plakat_Quer_2022.png 2101w, https:\/\/www.betriebsfeuerwehr-voestalpine.at\/wp-content\/uploads\/2022\/09\/Helden-Gesucht_Plakat_Quer_2022-300x226.png 300w, https:\/\/www.betriebsfeuerwehr-voestalpine.at\/wp-content\/uploads\/2022\/09\/Helden-Gesucht_Plakat_Quer_2022-768x579.png 768w, https:\/\/www.betriebsfeuerwehr-voestalpine.at\/wp-content\/uploads\/2022\/09\/Helden-Gesucht_Plakat_Quer_2022-1536x1157.png 1536w, https:\/\/www.betriebsfeuerwehr-voestalpine.at\/wp-content\/uploads\/2022\/09\/Helden-Gesucht_Plakat_Quer_2022-2048x1543.png 2048w, https:\/\/www.betriebsfeuerwehr-voestalpine.at\/wp-content\/uploads\/2022\/09\/Helden-Gesucht_Plakat_Quer_2022-150x113.png 150w, https:\/\/www.betriebsfeuerwehr-voestalpine.at\/wp-content\/uploads\/2022\/09\/Helden-Gesucht_Plakat_Quer_2022-320x240.png 320w\" sizes=\"auto, (max-width: 700px) 100vw, 700px\" \/><\/h1>\n<h1><strong>Die Helden werden immer weniger!<\/strong><br \/>\n<strong>Stell Dir vor, es passiert etwas und niemand kommt, um zu helfen&#8230;.<\/strong><\/h1>\n<hr \/>\n<h2>HAST DU GEWUSST, dass die Betriebsfeuerwehr f\u00fcr den Brandschutz deines Ortes zust\u00e4ndig ist!<\/h2>\n<p>Die Firma voestalpine Precision Strip GmbH verf\u00fcgt seit 1946 \u00fcber eine freiwillige Betriebsfeuerwehr. Diese ist jedoch nicht nur f\u00fcr den Werksbereich, sondern auch f\u00fcr den angrenzenden Ortsbereich B\u00f6hlerwerk und einen Teil Bruckbach zust\u00e4ndig. Daher ist es nicht notwendig Mitarbeiter\/in der Firma zu sein, um Mitglied werden zu k\u00f6nnen.<\/p>\n<h2>Freizeit &#8211; das h\u00f6chste GUT des Menschen<\/h2>\n<p>Arbeit ist das halbe Leben in unserer Gesellschaft. Dabei will doch jeder eigentlich an der liebsten Freizeit genie\u00dfen und mit Freunden und Familie beieinander sein. M\u00f6chtest du trotzdem einen KLEINEN teil deiner Freizeit f\u00fcr die Allgemeinheit schenken.<br \/>\nDann suchen wir genau DICH.<\/p>\n<p>Und du bekommst Action, Kenntnisse von technischen Ger\u00e4ten, f\u00fcrs<br \/>\nRETTEN, L\u00d6SCHEN, BERGEN, SCH\u00dcTZEN. Sowie Kameradschaft, neue Freunde und VIELES mehr.<\/p>\n<h2>Was wollen wir von Dir<\/h2>\n<ul>\n<li>Wohnsitz in B\u00f6hlerwerk oder nahe Umgebung<\/li>\n<li>Einen Teil Deiner kostbaren Freizeit.<\/li>\n<li>Bereitschaft andere Personen zu Helfen<\/li>\n<li>Bereitschaft Aus- und Weiterbildung<\/li>\n<li>Bereitschaft Feuerwehr Lehrg\u00e4nge zu besuchen<\/li>\n<li>Du bist mindestens 18 Jahre alt.<\/li>\n<\/ul>\n<h2>Was geben wir Dir zur\u00fcck<\/h2>\n<ul>\n<li>Spannende, Herausfordernde, Actionreiche, technisch anspruchsvolle Eins\u00e4tze<\/li>\n<li>Aufmerksamkeit und Anerkennung der Bev\u00f6lkerung, Familie und Freunde<\/li>\n<li>Neu Freunde<\/li>\n<li>Neue Freizeitgestaltung<\/li>\n<li>Kostenbeteiligung bei F\u00fchrerschein Ausbildung der Klasse C (LKW)<\/li>\n<li>Kameradschaft Ausfl\u00fcge<\/li>\n<li>Absolvieren eines Leistungsabzeichens (Bewerbe) bei einer Gro\u00dfveranstaltung mit \u00fcber 8000 Feuerwehrleute.<\/li>\n<li>Kameradschaft<\/li>\n<\/ul>\n<p>&nbsp;<\/p>\n<p><strong><span style=\"color: #ff0000;\">Ausbildung:<\/span><\/strong><\/p>\n<p><a href=\"https:\/\/www.betriebsfeuerwehr-voestalpine.at\/?attachment_id=4541\" rel=\"attachment wp-att-4541\"><img loading=\"lazy\" decoding=\"async\" class=\"alignright wp-image-4541\" src=\"https:\/\/www.betriebsfeuerwehr-voestalpine.at\/wp-content\/uploads\/2015\/03\/Basiswissen-Neu_N\u00d6.jpg\" alt=\"Basiswissen Neu_N\u00d6\" width=\"700\" height=\"308\" srcset=\"https:\/\/www.betriebsfeuerwehr-voestalpine.at\/wp-content\/uploads\/2015\/03\/Basiswissen-Neu_N\u00d6.jpg 1075w, https:\/\/www.betriebsfeuerwehr-voestalpine.at\/wp-content\/uploads\/2015\/03\/Basiswissen-Neu_N\u00d6-300x132.jpg 300w, https:\/\/www.betriebsfeuerwehr-voestalpine.at\/wp-content\/uploads\/2015\/03\/Basiswissen-Neu_N\u00d6-768x338.jpg 768w, https:\/\/www.betriebsfeuerwehr-voestalpine.at\/wp-content\/uploads\/2015\/03\/Basiswissen-Neu_N\u00d6-150x66.jpg 150w\" sizes=\"auto, (max-width: 700px) 100vw, 700px\" \/><\/a><\/p>\n<h2><\/h2>\n<hr \/>\n<h2>Wo kann ich mich Melden?<\/h2>\n<p>Betriebsfeuerwehr voestalpine Precision Strip GmbH B\u00f6hlerwerk<br \/>\n<a href=\"mailto:btf.boehlerwerk@voestalpine.com\">btf.boehlerwerk@voestalpine.com <\/a>oder<br \/>\n<a href=\"mailto:voestalpine-strip@feuerwehr.gv.at\">voestalpine-strip@feuerwehr.gv.at<\/a><a href=\"mailto:btf.boehlerwerk@voestalpine.com\"><br \/>\n<\/a>Telefon: 07442\/600 &#8211; 29650<br \/>\nFeuerwehrhaus in B\u00f6hlerwerk: Waidhofnerstra\u00dfe 13, 3333 B\u00f6hlerwerk, im B\u00f6hlerzentrum<\/p>\n<h2>Oder Schau bei uns vorbei.\u00a0Jeden Freitag ab 18 Uhr.<\/h2>\n<hr \/>\n","protected":false},"excerpt":{"rendered":"<p>Die Helden werden immer weniger! Stell Dir vor, es passiert etwas und niemand kommt, um zu helfen&#8230;. HAST DU GEWUSST, dass die Betriebsfeuerwehr f\u00fcr den Brandschutz deines Ortes zust\u00e4ndig ist! Die Firma voestalpine Precision Strip GmbH verf\u00fcgt seit 1946 \u00fcber &hellip; <a href=\"https:\/\/www.betriebsfeuerwehr-voestalpine.at\/?page_id=2139\">mehr <span class=\"meta-nav\">&rarr;<\/span><\/a><\/p>\n","protected":false},"author":2,"featured_media":6295,"parent":0,"menu_order":0,"comment_status":"closed","ping_status":"closed","template":"","meta":{"_acf_changed":false,"footnotes":""},"class_list":["post-2139","page","type-page","status-publish","has-post-thumbnail","hentry"],"acf":[],"_links":{"self":[{"href":"https:\/\/www.betriebsfeuerwehr-voestalpine.at\/index.php?rest_route=\/wp\/v2\/pages\/2139","targetHints":{"allow":["GET"]}}],"collection":[{"href":"https:\/\/www.betriebsfeuerwehr-voestalpine.at\/index.php?rest_route=\/wp\/v2\/pages"}],"about":[{"href":"https:\/\/www.betriebsfeuerwehr-voestalpine.at\/index.php?rest_route=\/wp\/v2\/types\/page"}],"author":[{"embeddable":true,"href":"https:\/\/www.betriebsfeuerwehr-voestalpine.at\/index.php?rest_route=\/wp\/v2\/users\/2"}],"replies":[{"embeddable":true,"href":"https:\/\/www.betriebsfeuerwehr-voestalpine.at\/index.php?rest_route=%2Fwp%2Fv2%2Fcomments&post=2139"}],"version-history":[{"count":76,"href":"https:\/\/www.betriebsfeuerwehr-voestalpine.at\/index.php?rest_route=\/wp\/v2\/pages\/2139\/revisions"}],"predecessor-version":[{"id":6927,"href":"https:\/\/www.betriebsfeuerwehr-voestalpine.at\/index.php?rest_route=\/wp\/v2\/pages\/2139\/revisions\/6927"}],"wp:featuredmedia":[{"embeddable":true,"href":"https:\/\/www.betriebsfeuerwehr-voestalpine.at\/index.php?rest_route=\/wp\/v2\/media\/6295"}],"wp:attachment":[{"href":"https:\/\/www.betriebsfeuerwehr-voestalpine.at\/index.php?rest_route=%2Fwp%2Fv2%2Fmedia&parent=2139"}],"curies":[{"name":"wp","href":"https:\/\/api.w.org\/{rel}","templated":true}]}}