{"id":4580,"date":"2018-01-17T11:02:29","date_gmt":"2018-01-17T10:02:29","guid":{"rendered":"https:\/\/www.betriebsfeuerwehr-voestalpine.at\/?page_id=4580"},"modified":"2022-04-13T11:42:28","modified_gmt":"2022-04-13T10:42:28","slug":"unsere-sponsoren","status":"publish","type":"page","link":"https:\/\/www.betriebsfeuerwehr-voestalpine.at\/?page_id=4580","title":{"rendered":"Unsere Sponsoren"},"content":{"rendered":"<p><span style=\"color: #545454; font-family: 'Arial','sans-serif';\"><a href=\"https:\/\/www.betriebsfeuerwehr-voestalpine.at\/?attachment_id=4582\" rel=\"attachment wp-att-4582\"><img loading=\"lazy\" decoding=\"async\" class=\"alignright wp-image-4582\" src=\"https:\/\/www.betriebsfeuerwehr-voestalpine.at\/wp-content\/uploads\/2018\/01\/Wir-sagen-Danke.png\" alt=\"Wir sagen Danke\" width=\"400\" height=\"195\" srcset=\"https:\/\/www.betriebsfeuerwehr-voestalpine.at\/wp-content\/uploads\/2018\/01\/Wir-sagen-Danke.png 680w, https:\/\/www.betriebsfeuerwehr-voestalpine.at\/wp-content\/uploads\/2018\/01\/Wir-sagen-Danke-300x146.png 300w, https:\/\/www.betriebsfeuerwehr-voestalpine.at\/wp-content\/uploads\/2018\/01\/Wir-sagen-Danke-150x73.png 150w\" sizes=\"auto, (max-width: 400px) 100vw, 400px\" \/><\/a><\/span><\/p>\n<p><span style=\"font-size: x-large;\">Wir m\u00f6chten uns auf diesem Weg bei <\/span><span style=\"font-size: x-large;\"><strong><em>unseren<\/em><\/strong> <span style=\"font-size: x-large;\">Sponsoren nochmals f\u00fcr ihre gro\u00dfz\u00fcgige <strong><span style=\"font-size: x-large;\"><em>Unterst\u00fctzung<\/em><\/span><\/strong> <span style=\"font-size: x-large;\">bedanken. Sponsoren f\u00fcr die Ausstattung mit T-Shirts, neue 300 bar Atemschutzflaschen und anderen Unterst\u00fctzungen.<\/span><\/span><\/span><\/p>\n<hr \/>\n<p><a href=\"https:\/\/www.betriebsfeuerwehr-voestalpine.at\/?attachment_id=4596\" rel=\"attachment wp-att-4596\"><img loading=\"lazy\" decoding=\"async\" class=\"wp-image-4596 alignnone\" src=\"https:\/\/www.betriebsfeuerwehr-voestalpine.at\/wp-content\/uploads\/2018\/01\/Sponsoren-btf.png\" alt=\"Sponsoren btf\" width=\"950\" height=\"795\" srcset=\"https:\/\/www.betriebsfeuerwehr-voestalpine.at\/wp-content\/uploads\/2018\/01\/Sponsoren-btf.png 1044w, https:\/\/www.betriebsfeuerwehr-voestalpine.at\/wp-content\/uploads\/2018\/01\/Sponsoren-btf-300x251.png 300w, https:\/\/www.betriebsfeuerwehr-voestalpine.at\/wp-content\/uploads\/2018\/01\/Sponsoren-btf-768x643.png 768w, https:\/\/www.betriebsfeuerwehr-voestalpine.at\/wp-content\/uploads\/2018\/01\/Sponsoren-btf-150x126.png 150w\" sizes=\"auto, (max-width: 950px) 100vw, 950px\" \/><\/a><\/p>\n","protected":false},"excerpt":{"rendered":"<p>Wir m\u00f6chten uns auf diesem Weg bei unseren Sponsoren nochmals f\u00fcr ihre gro\u00dfz\u00fcgige Unterst\u00fctzung bedanken. Sponsoren f\u00fcr die Ausstattung mit T-Shirts, neue 300 bar Atemschutzflaschen und anderen Unterst\u00fctzungen.<\/p>\n","protected":false},"author":2,"featured_media":0,"parent":7,"menu_order":0,"comment_status":"closed","ping_status":"closed","template":"","meta":{"_acf_changed":false,"footnotes":""},"class_list":["post-4580","page","type-page","status-publish","hentry"],"acf":[],"_links":{"self":[{"href":"https:\/\/www.betriebsfeuerwehr-voestalpine.at\/index.php?rest_route=\/wp\/v2\/pages\/4580","targetHints":{"allow":["GET"]}}],"collection":[{"href":"https:\/\/www.betriebsfeuerwehr-voestalpine.at\/index.php?rest_route=\/wp\/v2\/pages"}],"about":[{"href":"https:\/\/www.betriebsfeuerwehr-voestalpine.at\/index.php?rest_route=\/wp\/v2\/types\/page"}],"author":[{"embeddable":true,"href":"https:\/\/www.betriebsfeuerwehr-voestalpine.at\/index.php?rest_route=\/wp\/v2\/users\/2"}],"replies":[{"embeddable":true,"href":"https:\/\/www.betriebsfeuerwehr-voestalpine.at\/index.php?rest_route=%2Fwp%2Fv2%2Fcomments&post=4580"}],"version-history":[{"count":17,"href":"https:\/\/www.betriebsfeuerwehr-voestalpine.at\/index.php?rest_route=\/wp\/v2\/pages\/4580\/revisions"}],"predecessor-version":[{"id":4599,"href":"https:\/\/www.betriebsfeuerwehr-voestalpine.at\/index.php?rest_route=\/wp\/v2\/pages\/4580\/revisions\/4599"}],"up":[{"embeddable":true,"href":"https:\/\/www.betriebsfeuerwehr-voestalpine.at\/index.php?rest_route=\/wp\/v2\/pages\/7"}],"wp:attachment":[{"href":"https:\/\/www.betriebsfeuerwehr-voestalpine.at\/index.php?rest_route=%2Fwp%2Fv2%2Fmedia&parent=4580"}],"curies":[{"name":"wp","href":"https:\/\/api.w.org\/{rel}","templated":true}]}}