{"id":6498,"date":"2023-05-30T14:43:16","date_gmt":"2023-05-30T13:43:16","guid":{"rendered":"https:\/\/www.betriebsfeuerwehr-voestalpine.at\/?page_id=6498"},"modified":"2023-05-30T14:43:16","modified_gmt":"2023-05-30T13:43:16","slug":"garage-werk-gerstl","status":"publish","type":"page","link":"https:\/\/www.betriebsfeuerwehr-voestalpine.at\/?page_id=6498","title":{"rendered":"Garage Werk Gerstl"},"content":{"rendered":"<p>Garage Werk Gerstl<br \/>\nStationierte Fahrzeuge: LF (L\u00f6schfahrzeug)<\/p>\n<p>Im Herbst 2022 wurde das Empfangsgeb\u00e4ude der Firma neu gebaut.<br \/>\nIm Zug der Neugestaltung Empfangsgeb\u00e4ude wurde eine Garage f\u00fcr unser<br \/>\nL\u00f6schfahrzeug dazugebaut. Fertiegstellung April 2023<\/p>\n<p><div id=\"new-royalslider-2\" class=\"royalSlider new-royalslider-2 rsDefaultInv rs-image-gallery\" style=\"width:100%; height:500;\"><div class=\"rsContent\">\n  <a class=\"rsImg\" href=\"https:\/\/www.betriebsfeuerwehr-voestalpine.at\/wp-content\/uploads\/2023\/05\/IMG_20230209_102533_k.jpg\" data-rsBigImg=\"https:\/\/www.betriebsfeuerwehr-voestalpine.at\/wp-content\/uploads\/2023\/05\/IMG_20230209_102533_k.jpg\">IMG_20230209_102533_k<\/a>\n  <div class=\"rsTmb\"><img decoding=\"async\" src=\"https:\/\/www.betriebsfeuerwehr-voestalpine.at\/wp-content\/uploads\/2023\/05\/IMG_20230209_102533_k-96x72.jpg\" alt=\"\" \/><\/div>\n  \n  \n<\/div><div class=\"rsContent\">\n  <a class=\"rsImg\" href=\"https:\/\/www.betriebsfeuerwehr-voestalpine.at\/wp-content\/uploads\/2023\/05\/IMG_20230324_105537_k.jpg\" data-rsBigImg=\"https:\/\/www.betriebsfeuerwehr-voestalpine.at\/wp-content\/uploads\/2023\/05\/IMG_20230324_105537_k.jpg\">IMG_20230324_105537_k<\/a>\n  <div class=\"rsTmb\"><img decoding=\"async\" src=\"https:\/\/www.betriebsfeuerwehr-voestalpine.at\/wp-content\/uploads\/2023\/05\/IMG_20230324_105537_k-96x72.jpg\" alt=\"\" \/><\/div>\n  \n  \n<\/div><div class=\"rsContent\">\n  <a class=\"rsImg\" href=\"https:\/\/www.betriebsfeuerwehr-voestalpine.at\/wp-content\/uploads\/2023\/05\/IMG_20230324_105543_k.jpg\" data-rsBigImg=\"https:\/\/www.betriebsfeuerwehr-voestalpine.at\/wp-content\/uploads\/2023\/05\/IMG_20230324_105543_k.jpg\">IMG_20230324_105543_k<\/a>\n  <div class=\"rsTmb\"><img decoding=\"async\" src=\"https:\/\/www.betriebsfeuerwehr-voestalpine.at\/wp-content\/uploads\/2023\/05\/IMG_20230324_105543_k-96x72.jpg\" alt=\"\" \/><\/div>\n  \n  \n<\/div><div class=\"rsContent\">\n  <a class=\"rsImg\" href=\"https:\/\/www.betriebsfeuerwehr-voestalpine.at\/wp-content\/uploads\/2023\/05\/IMG_20230209_102552_k.jpg\" data-rsBigImg=\"https:\/\/www.betriebsfeuerwehr-voestalpine.at\/wp-content\/uploads\/2023\/05\/IMG_20230209_102552_k.jpg\">IMG_20230209_102552_k<\/a>\n  <div class=\"rsTmb\"><img decoding=\"async\" src=\"https:\/\/www.betriebsfeuerwehr-voestalpine.at\/wp-content\/uploads\/2023\/05\/IMG_20230209_102552_k-96x72.jpg\" alt=\"\" \/><\/div>\n  \n  \n<\/div><\/div><\/p>\n","protected":false},"excerpt":{"rendered":"<p>Garage Werk Gerstl Stationierte Fahrzeuge: LF (L\u00f6schfahrzeug) Im Herbst 2022 wurde das Empfangsgeb\u00e4ude der Firma neu gebaut. Im Zug der Neugestaltung Empfangsgeb\u00e4ude wurde eine Garage f\u00fcr unser L\u00f6schfahrzeug dazugebaut. Fertiegstellung April 2023<\/p>\n","protected":false},"author":2,"featured_media":6504,"parent":0,"menu_order":0,"comment_status":"closed","ping_status":"closed","template":"","meta":{"_acf_changed":false,"footnotes":""},"class_list":["post-6498","page","type-page","status-publish","has-post-thumbnail","hentry"],"acf":[],"_links":{"self":[{"href":"https:\/\/www.betriebsfeuerwehr-voestalpine.at\/index.php?rest_route=\/wp\/v2\/pages\/6498","targetHints":{"allow":["GET"]}}],"collection":[{"href":"https:\/\/www.betriebsfeuerwehr-voestalpine.at\/index.php?rest_route=\/wp\/v2\/pages"}],"about":[{"href":"https:\/\/www.betriebsfeuerwehr-voestalpine.at\/index.php?rest_route=\/wp\/v2\/types\/page"}],"author":[{"embeddable":true,"href":"https:\/\/www.betriebsfeuerwehr-voestalpine.at\/index.php?rest_route=\/wp\/v2\/users\/2"}],"replies":[{"embeddable":true,"href":"https:\/\/www.betriebsfeuerwehr-voestalpine.at\/index.php?rest_route=%2Fwp%2Fv2%2Fcomments&post=6498"}],"version-history":[{"count":3,"href":"https:\/\/www.betriebsfeuerwehr-voestalpine.at\/index.php?rest_route=\/wp\/v2\/pages\/6498\/revisions"}],"predecessor-version":[{"id":6506,"href":"https:\/\/www.betriebsfeuerwehr-voestalpine.at\/index.php?rest_route=\/wp\/v2\/pages\/6498\/revisions\/6506"}],"wp:featuredmedia":[{"embeddable":true,"href":"https:\/\/www.betriebsfeuerwehr-voestalpine.at\/index.php?rest_route=\/wp\/v2\/media\/6504"}],"wp:attachment":[{"href":"https:\/\/www.betriebsfeuerwehr-voestalpine.at\/index.php?rest_route=%2Fwp%2Fv2%2Fmedia&parent=6498"}],"curies":[{"name":"wp","href":"https:\/\/api.w.org\/{rel}","templated":true}]}}