{"id":7,"date":"2013-10-09T13:22:45","date_gmt":"2013-10-09T11:22:45","guid":{"rendered":"https:\/\/www.betriebsfeuerwehr-voestalpine.at\/?page_id=7"},"modified":"2022-04-18T12:45:02","modified_gmt":"2022-04-18T11:45:02","slug":"ueber-uns","status":"publish","type":"page","link":"https:\/\/www.betriebsfeuerwehr-voestalpine.at\/?page_id=7","title":{"rendered":"\u00fcber uns"},"content":{"rendered":"<p>Die Betriebsfeuerwehr hat ca. 45 Mitglieder und ist f\u00fcr die Gro\u00dfbetriebe voestalpine precision strip, voestalpine B\u00f6hler Profil, TKM Austria, sowie f\u00fcr den Ortsschutz von B\u00f6hlerwerk (Gemeinde Sonntagberg) zust\u00e4ndig. Unser Feuerwehr Haus befindet sich im Geb\u00e4ude des B\u00f6hlerzentrum.<\/p>\n<p><img loading=\"lazy\" decoding=\"async\" class=\"alignleft wp-image-803\" style=\"border: black 2px solid;\" src=\"https:\/\/www.betriebsfeuerwehr-voestalpine.at\/wp-content\/uploads\/2013\/10\/Ausschnitt.jpg\" alt=\"Ausschnitt\" width=\"754\" height=\"227\" srcset=\"https:\/\/www.betriebsfeuerwehr-voestalpine.at\/wp-content\/uploads\/2013\/10\/Ausschnitt.jpg 1024w, https:\/\/www.betriebsfeuerwehr-voestalpine.at\/wp-content\/uploads\/2013\/10\/Ausschnitt-300x90.jpg 300w, https:\/\/www.betriebsfeuerwehr-voestalpine.at\/wp-content\/uploads\/2013\/10\/Ausschnitt-150x45.jpg 150w\" sizes=\"auto, (max-width: 754px) 100vw, 754px\" \/><\/p>\n<p>&nbsp;<\/p>\n<p>Unsere Aufgaben:\u00a0 &gt; Brandbek\u00e4mpfung &gt; Technische Hilfeleistung &gt; Rettung von Personen, Tiere und Sachg\u00fcter &gt; Beseitigen von Umweltgefahren &gt; Brandsicherheitswachen &gt;Aus- und Fortbildung<\/p>\n<p>Unser Einsatzgebiet in B\u00f6hlerwerk:<br \/>\n<a href=\"https:\/\/www.betriebsfeuerwehr-voestalpine.at\/?attachment_id=5504\" rel=\"attachment wp-att-5504\"><img loading=\"lazy\" decoding=\"async\" class=\"alignleft wp-image-5504\" src=\"https:\/\/www.betriebsfeuerwehr-voestalpine.at\/wp-content\/uploads\/2020\/02\/1469088506-luftaufnahme-boehlerwerk-2-jpg.jpg\" alt=\"\" width=\"750\" height=\"517\" srcset=\"https:\/\/www.betriebsfeuerwehr-voestalpine.at\/wp-content\/uploads\/2020\/02\/1469088506-luftaufnahme-boehlerwerk-2-jpg.jpg 1510w, https:\/\/www.betriebsfeuerwehr-voestalpine.at\/wp-content\/uploads\/2020\/02\/1469088506-luftaufnahme-boehlerwerk-2-jpg-300x207.jpg 300w, https:\/\/www.betriebsfeuerwehr-voestalpine.at\/wp-content\/uploads\/2020\/02\/1469088506-luftaufnahme-boehlerwerk-2-jpg-768x529.jpg 768w, https:\/\/www.betriebsfeuerwehr-voestalpine.at\/wp-content\/uploads\/2020\/02\/1469088506-luftaufnahme-boehlerwerk-2-jpg-150x103.jpg 150w\" sizes=\"auto, (max-width: 750px) 100vw, 750px\" \/><\/a><\/p>\n<p>&nbsp;<\/p>\n<p>&nbsp;<\/p>\n<p>&nbsp;<\/p>\n","protected":false},"excerpt":{"rendered":"<p>Die Betriebsfeuerwehr hat ca. 45 Mitglieder und ist f\u00fcr die Gro\u00dfbetriebe voestalpine precision strip, voestalpine B\u00f6hler Profil, TKM Austria, sowie f\u00fcr den Ortsschutz von B\u00f6hlerwerk (Gemeinde Sonntagberg) zust\u00e4ndig. Unser Feuerwehr Haus befindet sich im Geb\u00e4ude des B\u00f6hlerzentrum. &nbsp; Unsere Aufgaben:\u00a0 &hellip; <a href=\"https:\/\/www.betriebsfeuerwehr-voestalpine.at\/?page_id=7\">mehr <span class=\"meta-nav\">&rarr;<\/span><\/a><\/p>\n","protected":false},"author":1,"featured_media":0,"parent":0,"menu_order":0,"comment_status":"closed","ping_status":"closed","template":"","meta":{"_acf_changed":false,"footnotes":""},"class_list":["post-7","page","type-page","status-publish","hentry"],"acf":[],"_links":{"self":[{"href":"https:\/\/www.betriebsfeuerwehr-voestalpine.at\/index.php?rest_route=\/wp\/v2\/pages\/7","targetHints":{"allow":["GET"]}}],"collection":[{"href":"https:\/\/www.betriebsfeuerwehr-voestalpine.at\/index.php?rest_route=\/wp\/v2\/pages"}],"about":[{"href":"https:\/\/www.betriebsfeuerwehr-voestalpine.at\/index.php?rest_route=\/wp\/v2\/types\/page"}],"author":[{"embeddable":true,"href":"https:\/\/www.betriebsfeuerwehr-voestalpine.at\/index.php?rest_route=\/wp\/v2\/users\/1"}],"replies":[{"embeddable":true,"href":"https:\/\/www.betriebsfeuerwehr-voestalpine.at\/index.php?rest_route=%2Fwp%2Fv2%2Fcomments&post=7"}],"version-history":[{"count":21,"href":"https:\/\/www.betriebsfeuerwehr-voestalpine.at\/index.php?rest_route=\/wp\/v2\/pages\/7\/revisions"}],"predecessor-version":[{"id":6170,"href":"https:\/\/www.betriebsfeuerwehr-voestalpine.at\/index.php?rest_route=\/wp\/v2\/pages\/7\/revisions\/6170"}],"wp:attachment":[{"href":"https:\/\/www.betriebsfeuerwehr-voestalpine.at\/index.php?rest_route=%2Fwp%2Fv2%2Fmedia&parent=7"}],"curies":[{"name":"wp","href":"https:\/\/api.w.org\/{rel}","templated":true}]}}