{"id":793,"date":"2013-11-19T17:45:27","date_gmt":"2013-11-19T15:45:27","guid":{"rendered":"https:\/\/www.betriebsfeuerwehr-voestalpine.at\/?page_id=793"},"modified":"2022-04-11T10:08:31","modified_gmt":"2022-04-11T09:08:31","slug":"feuerwehrhaeuser-2","status":"publish","type":"page","link":"https:\/\/www.betriebsfeuerwehr-voestalpine.at\/?page_id=793","title":{"rendered":"Feuerwehr Haus in B\u00f6hlerwerk"},"content":{"rendered":"<p><span style=\"text-decoration: underline;\"><strong>Feuerwehr Haus in B\u00f6hlerwerk <\/strong><strong>im B\u00f6hlerzentrum<br \/>\n<\/strong><\/span>Stationierte Fahrzeuge: TLF (Tankl\u00f6schfahrzeug), KDO (Kommandofahrzeug)<br \/>\nKRF (Kleinr\u00fcstfahrzeug), Last (Lastfahrzeug)<\/p>\n<p>Im M\u00e4rz 2006 wurde die Adaptierung der ehemaligen LKW-Garagen unterhalb der<br \/>\nFestsaales in B\u00f6hlerwerk genehmigt. Die erforderlichen Arbeiten wurden zu einem<br \/>\ngro\u00dfen Teil durch Eigenleistung durchgef\u00fchrt und mit Eigenmittel finanziert.<\/p>\n<p><div id=\"new-royalslider-2\" class=\"royalSlider new-royalslider-2 rsDefaultInv rs-image-gallery\" style=\"width:100%; height:500;\"><div class=\"rsContent\">\n  <a class=\"rsImg\" href=\"https:\/\/www.betriebsfeuerwehr-voestalpine.at\/wp-content\/uploads\/2021\/03\/IMG_20201127_165520156.jpg\" data-rsBigImg=\"https:\/\/www.betriebsfeuerwehr-voestalpine.at\/wp-content\/uploads\/2021\/03\/IMG_20201127_165520156.jpg\">IMG_20201127_165520156<\/a>\n  <div class=\"rsTmb\"><img decoding=\"async\" src=\"https:\/\/www.betriebsfeuerwehr-voestalpine.at\/wp-content\/uploads\/2021\/03\/IMG_20201127_165520156-96x72.jpg\" alt=\"\" \/><\/div>\n  \n  \n<\/div><div class=\"rsContent\">\n  <a class=\"rsImg\" href=\"https:\/\/www.betriebsfeuerwehr-voestalpine.at\/wp-content\/uploads\/2013\/11\/DSC_03011.jpg\" data-rsBigImg=\"https:\/\/www.betriebsfeuerwehr-voestalpine.at\/wp-content\/uploads\/2013\/11\/DSC_03011.jpg\">Fahrzeughalle 1<\/a>\n  <div class=\"rsTmb\"><img decoding=\"async\" src=\"https:\/\/www.betriebsfeuerwehr-voestalpine.at\/wp-content\/uploads\/2013\/11\/DSC_03011-96x72.jpg\" alt=\"\" \/><\/div>\n  \n  \n<\/div><div class=\"rsContent\">\n  <a class=\"rsImg\" href=\"https:\/\/www.betriebsfeuerwehr-voestalpine.at\/wp-content\/uploads\/2021\/03\/IMG_20201127_165457k.jpg\" data-rsBigImg=\"https:\/\/www.betriebsfeuerwehr-voestalpine.at\/wp-content\/uploads\/2021\/03\/IMG_20201127_165457k.jpg\">IMG_20201127_165457k<\/a>\n  <div class=\"rsTmb\"><img decoding=\"async\" src=\"https:\/\/www.betriebsfeuerwehr-voestalpine.at\/wp-content\/uploads\/2021\/03\/IMG_20201127_165457k-96x72.jpg\" alt=\"\" \/><\/div>\n  \n  \n<\/div><div class=\"rsContent\">\n  <a class=\"rsImg\" href=\"https:\/\/www.betriebsfeuerwehr-voestalpine.at\/wp-content\/uploads\/2021\/03\/IMG_20201127_165454k.jpg\" data-rsBigImg=\"https:\/\/www.betriebsfeuerwehr-voestalpine.at\/wp-content\/uploads\/2021\/03\/IMG_20201127_165454k.jpg\">IMG_20201127_165454k<\/a>\n  <div class=\"rsTmb\"><img decoding=\"async\" src=\"https:\/\/www.betriebsfeuerwehr-voestalpine.at\/wp-content\/uploads\/2021\/03\/IMG_20201127_165454k-96x72.jpg\" alt=\"\" \/><\/div>\n  \n  \n<\/div><div class=\"rsContent\">\n  <a class=\"rsImg\" href=\"https:\/\/www.betriebsfeuerwehr-voestalpine.at\/wp-content\/uploads\/2013\/11\/DSC_0007.jpg\" data-rsBigImg=\"https:\/\/www.betriebsfeuerwehr-voestalpine.at\/wp-content\/uploads\/2013\/11\/DSC_0007.jpg\">Fahrzeughalle 2 & Lager<\/a>\n  <div class=\"rsTmb\"><img decoding=\"async\" src=\"https:\/\/www.betriebsfeuerwehr-voestalpine.at\/wp-content\/uploads\/2013\/11\/DSC_0007-96x72.jpg\" alt=\"\" \/><\/div>\n  \n  \n<\/div><div class=\"rsContent\">\n  <a class=\"rsImg\" href=\"https:\/\/www.betriebsfeuerwehr-voestalpine.at\/wp-content\/uploads\/2013\/11\/DSC_03041.jpg\" data-rsBigImg=\"https:\/\/www.betriebsfeuerwehr-voestalpine.at\/wp-content\/uploads\/2013\/11\/DSC_03041.jpg\">Fahrzeughalle 2 & Lager<\/a>\n  <div class=\"rsTmb\"><img decoding=\"async\" src=\"https:\/\/www.betriebsfeuerwehr-voestalpine.at\/wp-content\/uploads\/2013\/11\/DSC_03041-96x72.jpg\" alt=\"\" \/><\/div>\n  \n  \n<\/div><div class=\"rsContent\">\n  <a class=\"rsImg\" href=\"https:\/\/www.betriebsfeuerwehr-voestalpine.at\/wp-content\/uploads\/2013\/11\/DSC_0305.jpg\" data-rsBigImg=\"https:\/\/www.betriebsfeuerwehr-voestalpine.at\/wp-content\/uploads\/2013\/11\/DSC_0305.jpg\">Fahrzeughalle 2 & Lager<\/a>\n  <div class=\"rsTmb\"><img decoding=\"async\" src=\"https:\/\/www.betriebsfeuerwehr-voestalpine.at\/wp-content\/uploads\/2013\/11\/DSC_0305-96x72.jpg\" alt=\"\" \/><\/div>\n  \n  \n<\/div><div class=\"rsContent\">\n  <a class=\"rsImg\" href=\"https:\/\/www.betriebsfeuerwehr-voestalpine.at\/wp-content\/uploads\/2021\/03\/IMG_20201127_165203k.jpg\" data-rsBigImg=\"https:\/\/www.betriebsfeuerwehr-voestalpine.at\/wp-content\/uploads\/2021\/03\/IMG_20201127_165203k.jpg\">IMG_20201127_165203k<\/a>\n  <div class=\"rsTmb\"><img decoding=\"async\" src=\"https:\/\/www.betriebsfeuerwehr-voestalpine.at\/wp-content\/uploads\/2021\/03\/IMG_20201127_165203k-96x72.jpg\" alt=\"\" \/><\/div>\n  \n  \n<\/div><div class=\"rsContent\">\n  <a class=\"rsImg\" href=\"https:\/\/www.betriebsfeuerwehr-voestalpine.at\/wp-content\/uploads\/2021\/03\/IMG_20201127_165242k.jpg\" data-rsBigImg=\"https:\/\/www.betriebsfeuerwehr-voestalpine.at\/wp-content\/uploads\/2021\/03\/IMG_20201127_165242k.jpg\">IMG_20201127_165242k<\/a>\n  <div class=\"rsTmb\"><img decoding=\"async\" src=\"https:\/\/www.betriebsfeuerwehr-voestalpine.at\/wp-content\/uploads\/2021\/03\/IMG_20201127_165242k-96x72.jpg\" alt=\"\" \/><\/div>\n  \n  \n<\/div><div class=\"rsContent\">\n  <a class=\"rsImg\" href=\"https:\/\/www.betriebsfeuerwehr-voestalpine.at\/wp-content\/uploads\/2021\/03\/IMG_20201127_165250k.jpg\" data-rsBigImg=\"https:\/\/www.betriebsfeuerwehr-voestalpine.at\/wp-content\/uploads\/2021\/03\/IMG_20201127_165250k.jpg\">IMG_20201127_165250k<\/a>\n  <div class=\"rsTmb\"><img decoding=\"async\" src=\"https:\/\/www.betriebsfeuerwehr-voestalpine.at\/wp-content\/uploads\/2021\/03\/IMG_20201127_165250k-96x72.jpg\" alt=\"\" \/><\/div>\n  \n  \n<\/div><div class=\"rsContent\">\n  <a class=\"rsImg\" href=\"https:\/\/www.betriebsfeuerwehr-voestalpine.at\/wp-content\/uploads\/2021\/03\/IMG_20201127_165301k.jpg\" data-rsBigImg=\"https:\/\/www.betriebsfeuerwehr-voestalpine.at\/wp-content\/uploads\/2021\/03\/IMG_20201127_165301k.jpg\">IMG_20201127_165301k<\/a>\n  <div class=\"rsTmb\"><img decoding=\"async\" src=\"https:\/\/www.betriebsfeuerwehr-voestalpine.at\/wp-content\/uploads\/2021\/03\/IMG_20201127_165301k-96x72.jpg\" alt=\"\" \/><\/div>\n  \n  \n<\/div><div class=\"rsContent\">\n  <a class=\"rsImg\" href=\"https:\/\/www.betriebsfeuerwehr-voestalpine.at\/wp-content\/uploads\/2021\/03\/IMG_20201127_165321k.jpg\" data-rsBigImg=\"https:\/\/www.betriebsfeuerwehr-voestalpine.at\/wp-content\/uploads\/2021\/03\/IMG_20201127_165321k.jpg\">IMG_20201127_165321k<\/a>\n  <div class=\"rsTmb\"><img decoding=\"async\" src=\"https:\/\/www.betriebsfeuerwehr-voestalpine.at\/wp-content\/uploads\/2021\/03\/IMG_20201127_165321k-96x72.jpg\" alt=\"\" \/><\/div>\n  \n  \n<\/div><div class=\"rsContent\">\n  <a class=\"rsImg\" href=\"https:\/\/www.betriebsfeuerwehr-voestalpine.at\/wp-content\/uploads\/2021\/03\/IMG_20201127_165508k.jpg\" data-rsBigImg=\"https:\/\/www.betriebsfeuerwehr-voestalpine.at\/wp-content\/uploads\/2021\/03\/IMG_20201127_165508k.jpg\">IMG_20201127_165508k<\/a>\n  <div class=\"rsTmb\"><img decoding=\"async\" src=\"https:\/\/www.betriebsfeuerwehr-voestalpine.at\/wp-content\/uploads\/2021\/03\/IMG_20201127_165508k-96x72.jpg\" alt=\"\" \/><\/div>\n  \n  \n<\/div><div class=\"rsContent\">\n  <a class=\"rsImg\" href=\"https:\/\/www.betriebsfeuerwehr-voestalpine.at\/wp-content\/uploads\/2021\/03\/IMG_20201127_165520k.jpg\" data-rsBigImg=\"https:\/\/www.betriebsfeuerwehr-voestalpine.at\/wp-content\/uploads\/2021\/03\/IMG_20201127_165520k.jpg\">IMG_20201127_165520k<\/a>\n  <div class=\"rsTmb\"><img decoding=\"async\" src=\"https:\/\/www.betriebsfeuerwehr-voestalpine.at\/wp-content\/uploads\/2021\/03\/IMG_20201127_165520k-96x72.jpg\" alt=\"\" \/><\/div>\n  \n  \n<\/div><\/div><\/p>\n<p>&nbsp;<\/p>\n<p>Altbau:<\/p>\n<p><div id=\"new-royalslider-2\" class=\"royalSlider new-royalslider-2 rsDefaultInv rs-image-gallery\" style=\"width:100%; height:500;\"><div class=\"rsContent\">\n  <a class=\"rsImg\" href=\"https:\/\/www.betriebsfeuerwehr-voestalpine.at\/wp-content\/uploads\/2013\/11\/Depotplanung-06.jpg\" data-rsBigImg=\"https:\/\/www.betriebsfeuerwehr-voestalpine.at\/wp-content\/uploads\/2013\/11\/Depotplanung-06.jpg\">Depotplanung 06<\/a>\n  <div class=\"rsTmb\"><img decoding=\"async\" src=\"https:\/\/www.betriebsfeuerwehr-voestalpine.at\/wp-content\/uploads\/2013\/11\/Depotplanung-06-96x72.jpg\" alt=\"\" \/><\/div>\n  \n  \n<\/div><div class=\"rsContent\">\n  <a class=\"rsImg\" href=\"https:\/\/www.betriebsfeuerwehr-voestalpine.at\/wp-content\/uploads\/2013\/11\/Depotplanung-04.jpg\" data-rsBigImg=\"https:\/\/www.betriebsfeuerwehr-voestalpine.at\/wp-content\/uploads\/2013\/11\/Depotplanung-04.jpg\">Depotplanung 04<\/a>\n  <div class=\"rsTmb\"><img decoding=\"async\" src=\"https:\/\/www.betriebsfeuerwehr-voestalpine.at\/wp-content\/uploads\/2013\/11\/Depotplanung-04-96x72.jpg\" alt=\"\" \/><\/div>\n  \n  \n<\/div><div class=\"rsContent\">\n  <a class=\"rsImg\" href=\"https:\/\/www.betriebsfeuerwehr-voestalpine.at\/wp-content\/uploads\/2013\/11\/Depotplanung-05.jpg\" data-rsBigImg=\"https:\/\/www.betriebsfeuerwehr-voestalpine.at\/wp-content\/uploads\/2013\/11\/Depotplanung-05.jpg\">Depotplanung 05<\/a>\n  <div class=\"rsTmb\"><img decoding=\"async\" src=\"https:\/\/www.betriebsfeuerwehr-voestalpine.at\/wp-content\/uploads\/2013\/11\/Depotplanung-05-96x72.jpg\" alt=\"\" \/><\/div>\n  \n  \n<\/div><div class=\"rsContent\">\n  <a class=\"rsImg\" href=\"https:\/\/www.betriebsfeuerwehr-voestalpine.at\/wp-content\/uploads\/2013\/11\/Depotplanung-01.jpg\" data-rsBigImg=\"https:\/\/www.betriebsfeuerwehr-voestalpine.at\/wp-content\/uploads\/2013\/11\/Depotplanung-01.jpg\">Depotplanung 01<\/a>\n  <div class=\"rsTmb\"><img decoding=\"async\" src=\"https:\/\/www.betriebsfeuerwehr-voestalpine.at\/wp-content\/uploads\/2013\/11\/Depotplanung-01-96x72.jpg\" alt=\"\" \/><\/div>\n  \n  \n<\/div><div class=\"rsContent\">\n  <a class=\"rsImg\" href=\"https:\/\/www.betriebsfeuerwehr-voestalpine.at\/wp-content\/uploads\/2013\/11\/Depotplanung-02.jpg\" data-rsBigImg=\"https:\/\/www.betriebsfeuerwehr-voestalpine.at\/wp-content\/uploads\/2013\/11\/Depotplanung-02.jpg\">Depotplanung 02<\/a>\n  <div class=\"rsTmb\"><img decoding=\"async\" src=\"https:\/\/www.betriebsfeuerwehr-voestalpine.at\/wp-content\/uploads\/2013\/11\/Depotplanung-02-96x72.jpg\" alt=\"\" \/><\/div>\n  \n  \n<\/div><div class=\"rsContent\">\n  <a class=\"rsImg\" href=\"https:\/\/www.betriebsfeuerwehr-voestalpine.at\/wp-content\/uploads\/2013\/11\/Depotplanung-03.jpg\" data-rsBigImg=\"https:\/\/www.betriebsfeuerwehr-voestalpine.at\/wp-content\/uploads\/2013\/11\/Depotplanung-03.jpg\">Depotplanung 03<\/a>\n  <div class=\"rsTmb\"><img decoding=\"async\" src=\"https:\/\/www.betriebsfeuerwehr-voestalpine.at\/wp-content\/uploads\/2013\/11\/Depotplanung-03-96x72.jpg\" alt=\"\" \/><\/div>\n  \n  \n<\/div><\/div><\/p>\n<p>&nbsp;<\/p>\n<p>&nbsp;<\/p>\n<h3><\/h3>\n","protected":false},"excerpt":{"rendered":"<p>Feuerwehr Haus in B\u00f6hlerwerk im B\u00f6hlerzentrum Stationierte Fahrzeuge: TLF (Tankl\u00f6schfahrzeug), KDO (Kommandofahrzeug) KRF (Kleinr\u00fcstfahrzeug), Last (Lastfahrzeug) Im M\u00e4rz 2006 wurde die Adaptierung der ehemaligen LKW-Garagen unterhalb der Festsaales in B\u00f6hlerwerk genehmigt. Die erforderlichen Arbeiten wurden zu einem gro\u00dfen Teil durch &hellip; <a href=\"https:\/\/www.betriebsfeuerwehr-voestalpine.at\/?page_id=793\">mehr <span class=\"meta-nav\">&rarr;<\/span><\/a><\/p>\n","protected":false},"author":2,"featured_media":0,"parent":0,"menu_order":0,"comment_status":"closed","ping_status":"closed","template":"","meta":{"_acf_changed":false,"footnotes":""},"class_list":["post-793","page","type-page","status-publish","hentry"],"acf":[],"_links":{"self":[{"href":"https:\/\/www.betriebsfeuerwehr-voestalpine.at\/index.php?rest_route=\/wp\/v2\/pages\/793","targetHints":{"allow":["GET"]}}],"collection":[{"href":"https:\/\/www.betriebsfeuerwehr-voestalpine.at\/index.php?rest_route=\/wp\/v2\/pages"}],"about":[{"href":"https:\/\/www.betriebsfeuerwehr-voestalpine.at\/index.php?rest_route=\/wp\/v2\/types\/page"}],"author":[{"embeddable":true,"href":"https:\/\/www.betriebsfeuerwehr-voestalpine.at\/index.php?rest_route=\/wp\/v2\/users\/2"}],"replies":[{"embeddable":true,"href":"https:\/\/www.betriebsfeuerwehr-voestalpine.at\/index.php?rest_route=%2Fwp%2Fv2%2Fcomments&post=793"}],"version-history":[{"count":15,"href":"https:\/\/www.betriebsfeuerwehr-voestalpine.at\/index.php?rest_route=\/wp\/v2\/pages\/793\/revisions"}],"predecessor-version":[{"id":5795,"href":"https:\/\/www.betriebsfeuerwehr-voestalpine.at\/index.php?rest_route=\/wp\/v2\/pages\/793\/revisions\/5795"}],"wp:attachment":[{"href":"https:\/\/www.betriebsfeuerwehr-voestalpine.at\/index.php?rest_route=%2Fwp%2Fv2%2Fmedia&parent=793"}],"curies":[{"name":"wp","href":"https:\/\/api.w.org\/{rel}","templated":true}]}}