{"id":987,"date":"2026-01-16T23:20:46","date_gmt":"2026-01-16T22:20:46","guid":{"rendered":"https:\/\/www.betriebsfeuerwehr-voestalpine.at\/?page_id=987"},"modified":"2026-01-21T19:35:19","modified_gmt":"2026-01-21T18:35:19","slug":"impressum","status":"publish","type":"page","link":"https:\/\/www.betriebsfeuerwehr-voestalpine.at\/?page_id=987","title":{"rendered":"Impressum"},"content":{"rendered":"<p>Impressum laut Mediengesetz \u00a7 24<br \/>\nOffenlegung laut Mediengesetz \u00a7 25<br \/>\nInformationspflicht nach \u00a7 5 E-Commerce-Gesetz<\/p>\n<p><strong>Medieninhaber:<\/strong><br \/>\n<span style=\"text-decoration: underline;\">Betriebsfeuerwehr voestalpine Precision Strip GmbH B\u00f6hlerwerk<\/span><br \/>\nWaidhofnerstra\u00dfe\u00a03<br \/>\nRotte W\u00fchr<br \/>\n3333 B\u00f6hlerwerk<br \/>\n\u00d6sterreich<\/p>\n<p>Redaktion:<br \/>\nMario Hirner, email: <a href=\"mailto:voestalpine-strip@feuerwehr.gv.at\">voestalpine-strip@feuerwehr.gv.at<\/a><\/p>\n<hr \/>\n<p><strong>Aufsichtsbeh\u00f6rden sowie Mitgliedschaft in Organisationsstrukturen<\/strong><\/p>\n<p>Kommando:<br \/>\nOberbrandinspektor Sigmund Schausberger<br \/>\nBrandinspektor Robert Tr\u00fcmel<br \/>\nVerwalter Mario Penesic<\/p>\n<p>Die Betriebsfeuerwehr voestalpine Precison Strip B\u00f6hlerwerk ist eine Einrichtungen des Betriebes und im nieder\u00f6sterreichischen Feuerwehrregister unter der Feuerwehrnummer 01416 eingetragen. Die Freiwillige Betriebsfeuerwehr voestalpine Precison Strip B\u00f6hlerwerk ist auch f\u00fcr den Ortsschutz von B\u00f6hlerwerk und teile des Ortes Bruckbach zust\u00e4ndig.<br \/>\nAllf\u00e4llige Aufsichtspflichten in beh\u00f6rdlicher Hinsicht werden durch die Person des B\u00fcrgermeisters, der Marktgemeinde Sonntagberg (Waidhofnerstra\u00dfe 20, 3332 Rosenau\/S.) sowie durch die Abteilung IVW4 der N\u00d6. Landesregierung (3430 Tulln, Langenlebarner Stra\u00dfe 106) wahrgenommen. Allf\u00e4llige Aufsichtspflichten in Betrieblicher Hinsicht wird durch den Sprecher der Gesch\u00e4ftsf\u00fchrung der voestalpine Precision Strip GmbH(Waidhofnerstra\u00dfe 3, Rotte W\u00fchr, 3333 B\u00f6hlerwerk) wahrgenommen. In dienstrechtlicher Hinsicht ist das Abschnittsfeuerwehrkommando Waidhofen\/Ybbs-Land (Schwemmau 39, 3341 Ybbsitz), das Bezirksfeuerwehrkommando Amstetten (Wassergasse 27, 3324 Euratsfeld) sowie der N\u00d6. Landesfeuerwehrverband (Langenlebarner Stra\u00dfe 108, 3430 Tulln) zust\u00e4ndig.<\/p>\n<hr \/>\n<p>Programmierung:<br \/>\n<a href=\"http:\/\/www.i-gap.at\" target=\"_blank\" rel=\"noopener noreferrer\">i-gap Schwingenschl\u00f6gl &amp; Welser OG<\/a><\/p>\n<p><span style=\"text-decoration: underline;\">Grundlegende Richtung:<\/span><br \/>\nInformationen, Bilder oder sonstige Angaben sind im Eigentum der BTF voestalpine Precision Strip B\u00f6hlerwerk oder \u00f6ffentlich zug\u00e4nglich gemachtes Eigentum. Alle Inhalte und Bilder d\u00fcrfen nur mit schriftlicher Zustimmung der BTF voestalpine Precision Strip B\u00f6hlerwerk auf anderen Seiten weiterverwendet werden. Sollte eine Person, ein Unternehmen oder ein sonstiges Subjekt im rechtlichen Sinne der Meinung sein, dessen geistiges Eigentum wurde missbr\u00e4uchlich auf diesen Seiten verwendet, m\u00f6ge er sich bitte mit den Verantwortlichen der Seiten in Verbindung setzen, da dies keinesfalls beabsichtigt war!<\/p>\n<p>Die Verantwortlichen distanzieren sich hiermit ausdr\u00fccklich von allen Inhalten aller gelinkten Seiten auf dieser gesamten Website inkl. aller Unterseiten. Diese Erkl\u00e4rung gilt f\u00fcr alle auf dieser Homepage ausgebrachten Links und f\u00fcr alle Inhalte der Seiten, zu denen Links oder Banner f\u00fchren.<\/p>\n<p>Content-Management-System: <a href=\"http:\/\/de.wordpress.org\">WordPress<\/a><\/p>\n<hr \/>\n<p>DSGVO Impressum:<\/p>\n<p><small><code>[imprint]<\/code><\/small><\/p>\n","protected":false},"excerpt":{"rendered":"<p>Impressum laut Mediengesetz \u00a7 24 Offenlegung laut Mediengesetz \u00a7 25 Informationspflicht nach \u00a7 5 E-Commerce-Gesetz Medieninhaber: Betriebsfeuerwehr voestalpine Precision Strip GmbH B\u00f6hlerwerk Waidhofnerstra\u00dfe\u00a03 Rotte W\u00fchr 3333 B\u00f6hlerwerk \u00d6sterreich Redaktion: Mario Hirner, email: voestalpine-strip@feuerwehr.gv.at Aufsichtsbeh\u00f6rden sowie Mitgliedschaft in Organisationsstrukturen Kommando: Oberbrandinspektor &hellip; <a href=\"https:\/\/www.betriebsfeuerwehr-voestalpine.at\/?page_id=987\">mehr <span class=\"meta-nav\">&rarr;<\/span><\/a><\/p>\n","protected":false},"author":2,"featured_media":0,"parent":7,"menu_order":0,"comment_status":"closed","ping_status":"closed","template":"","meta":{"_acf_changed":false,"footnotes":""},"class_list":["post-987","page","type-page","status-publish","hentry"],"acf":[],"_links":{"self":[{"href":"https:\/\/www.betriebsfeuerwehr-voestalpine.at\/index.php?rest_route=\/wp\/v2\/pages\/987","targetHints":{"allow":["GET"]}}],"collection":[{"href":"https:\/\/www.betriebsfeuerwehr-voestalpine.at\/index.php?rest_route=\/wp\/v2\/pages"}],"about":[{"href":"https:\/\/www.betriebsfeuerwehr-voestalpine.at\/index.php?rest_route=\/wp\/v2\/types\/page"}],"author":[{"embeddable":true,"href":"https:\/\/www.betriebsfeuerwehr-voestalpine.at\/index.php?rest_route=\/wp\/v2\/users\/2"}],"replies":[{"embeddable":true,"href":"https:\/\/www.betriebsfeuerwehr-voestalpine.at\/index.php?rest_route=%2Fwp%2Fv2%2Fcomments&post=987"}],"version-history":[{"count":23,"href":"https:\/\/www.betriebsfeuerwehr-voestalpine.at\/index.php?rest_route=\/wp\/v2\/pages\/987\/revisions"}],"predecessor-version":[{"id":7592,"href":"https:\/\/www.betriebsfeuerwehr-voestalpine.at\/index.php?rest_route=\/wp\/v2\/pages\/987\/revisions\/7592"}],"up":[{"embeddable":true,"href":"https:\/\/www.betriebsfeuerwehr-voestalpine.at\/index.php?rest_route=\/wp\/v2\/pages\/7"}],"wp:attachment":[{"href":"https:\/\/www.betriebsfeuerwehr-voestalpine.at\/index.php?rest_route=%2Fwp%2Fv2%2Fmedia&parent=987"}],"curies":[{"name":"wp","href":"https:\/\/api.w.org\/{rel}","templated":true}]}}